{"id":1381,"date":"2024-10-28T09:25:10","date_gmt":"2024-10-28T06:25:10","guid":{"rendered":"https:\/\/leaflover.eu\/product\/willow-sensor-2\/"},"modified":"2024-11-18T14:03:12","modified_gmt":"2024-11-18T11:03:12","slug":"willow-sensor-2","status":"publish","type":"product","link":"https:\/\/leaflover.eu\/et\/product\/willow-sensor-2\/","title":{"rendered":"Willow sensor"},"content":{"rendered":"","protected":false},"excerpt":{"rendered":"<p><strong>Kasvatage oma kodust d\u017eunglit t\u00e4iendavate sensoritega<\/strong><\/p>\n<p>Meie kaunilt kujundatud sensor j\u00e4lgib pidevalt teie toataime mulla niiskust, \u00fcmbritsevat valgust, temperatuuri ja \u00f5huniiskust. Sensor edastab andmed keskjaamale ning Willow mobiilirakendus teavitab teid, kui teie taim tahab t\u00e4helepanu.<br \/>\nNB: keskus ja sensor on parimad s\u00f5brad. \u00dcks ei t\u00f6\u00f6ta ilma teiseta.  <\/p>\n","protected":false},"featured_media":1255,"comment_status":"open","ping_status":"closed","template":"","meta":[],"product_brand":[],"product_cat":[40],"product_tag":[],"class_list":{"0":"post-1381","1":"product","2":"type-product","3":"status-publish","4":"has-post-thumbnail","6":"product_cat-willow-taimede-hooldus","8":"first","9":"instock","10":"shipping-taxable","11":"purchasable","12":"product-type-variable"},"jetpack_sharing_enabled":true,"_links":{"self":[{"href":"https:\/\/leaflover.eu\/et\/wp-json\/wp\/v2\/product\/1381","targetHints":{"allow":["GET"]}}],"collection":[{"href":"https:\/\/leaflover.eu\/et\/wp-json\/wp\/v2\/product"}],"about":[{"href":"https:\/\/leaflover.eu\/et\/wp-json\/wp\/v2\/types\/product"}],"replies":[{"embeddable":true,"href":"https:\/\/leaflover.eu\/et\/wp-json\/wp\/v2\/comments?post=1381"}],"wp:featuredmedia":[{"embeddable":true,"href":"https:\/\/leaflover.eu\/et\/wp-json\/wp\/v2\/media\/1255"}],"wp:attachment":[{"href":"https:\/\/leaflover.eu\/et\/wp-json\/wp\/v2\/media?parent=1381"}],"wp:term":[{"taxonomy":"product_brand","embeddable":true,"href":"https:\/\/leaflover.eu\/et\/wp-json\/wp\/v2\/product_brand?post=1381"},{"taxonomy":"product_cat","embeddable":true,"href":"https:\/\/leaflover.eu\/et\/wp-json\/wp\/v2\/product_cat?post=1381"},{"taxonomy":"product_tag","embeddable":true,"href":"https:\/\/leaflover.eu\/et\/wp-json\/wp\/v2\/product_tag?post=1381"}],"curies":[{"name":"wp","href":"https:\/\/api.w.org\/{rel}","templated":true}]}}