{"id":1394,"date":"2024-10-28T09:29:33","date_gmt":"2024-10-28T06:29:33","guid":{"rendered":"https:\/\/leaflover.eu\/product\/willow-pikendus\/"},"modified":"2024-11-19T22:48:22","modified_gmt":"2024-11-19T19:48:22","slug":"willow-pikendus","status":"publish","type":"product","link":"https:\/\/leaflover.eu\/et\/product\/willow-pikendus\/","title":{"rendered":"Willow Sensori Pikendus"},"content":{"rendered":"","protected":false},"excerpt":{"rendered":"<p><strong>Uuendasid potti? Meil aitame teid. <\/strong><\/p>\n<p>Vaata, kuis kasvab! Poti pikendus on m\u00f5eldud taimede jaoks, mis on \u00fcle 20 cm s\u00fcgavustes pottides, et koguda paremad anal\u00fc\u00fcsid. Lihtsalt eemaldage oma originaal sensori alumine pool ja asendage see pikendusega.  <\/p>\n","protected":false},"featured_media":1251,"comment_status":"open","ping_status":"closed","template":"","meta":[],"product_brand":[],"product_cat":[40],"product_tag":[],"class_list":{"0":"post-1394","1":"product","2":"type-product","3":"status-publish","4":"has-post-thumbnail","6":"product_cat-willow-taimede-hooldus","8":"first","9":"instock","10":"shipping-taxable","11":"purchasable","12":"product-type-variable"},"jetpack_sharing_enabled":true,"_links":{"self":[{"href":"https:\/\/leaflover.eu\/et\/wp-json\/wp\/v2\/product\/1394","targetHints":{"allow":["GET"]}}],"collection":[{"href":"https:\/\/leaflover.eu\/et\/wp-json\/wp\/v2\/product"}],"about":[{"href":"https:\/\/leaflover.eu\/et\/wp-json\/wp\/v2\/types\/product"}],"replies":[{"embeddable":true,"href":"https:\/\/leaflover.eu\/et\/wp-json\/wp\/v2\/comments?post=1394"}],"wp:featuredmedia":[{"embeddable":true,"href":"https:\/\/leaflover.eu\/et\/wp-json\/wp\/v2\/media\/1251"}],"wp:attachment":[{"href":"https:\/\/leaflover.eu\/et\/wp-json\/wp\/v2\/media?parent=1394"}],"wp:term":[{"taxonomy":"product_brand","embeddable":true,"href":"https:\/\/leaflover.eu\/et\/wp-json\/wp\/v2\/product_brand?post=1394"},{"taxonomy":"product_cat","embeddable":true,"href":"https:\/\/leaflover.eu\/et\/wp-json\/wp\/v2\/product_cat?post=1394"},{"taxonomy":"product_tag","embeddable":true,"href":"https:\/\/leaflover.eu\/et\/wp-json\/wp\/v2\/product_tag?post=1394"}],"curies":[{"name":"wp","href":"https:\/\/api.w.org\/{rel}","templated":true}]}}